{"id":15176,"date":"2025-12-17T12:12:37","date_gmt":"2025-12-17T09:12:37","guid":{"rendered":"https:\/\/dibase100000.ru\/product\/bolero-iced-green-tea-watermelon-24x3g-saftpulver-ohne-zucker-gesust-mit-stevia-vitamin-c-geeignet-fur-kinder-sportler-und-diabetiker-glutenfrei-und-veganfreundlich-wassermelonengeschmack"},"modified":"2025-12-17T12:12:43","modified_gmt":"2025-12-17T09:12:43","slug":"bolero-iced-green-tea-watermelon-24x3g-saftpulver-ohne-zucker-gesust-mit-stevia-vitamin-c-geeignet-fur-kinder-sportler-und-diabetiker-glutenfrei-und-veganfreundlich-wassermelonengeschmack","status":"publish","type":"product","link":"https:\/\/dibase100000.ru\/ar\/product\/bolero-iced-green-tea-watermelon-24x3g-saftpulver-ohne-zucker-gesust-mit-stevia-vitamin-c-geeignet-fur-kinder-sportler-und-diabetiker-glutenfrei-und-veganfreundlich-wassermelonengeschmack","title":{"rendered":"Bolero ICED GREEN TEA WATERMELON 24x3g | Saftpulver ohne Zucker, ges\u00fc\u00dft mit Stevia + Vitamin C | geeignet f\u00fcr Kinder, Sportler und Diabetiker | glutenfrei und veganfreundlich | Wassermelonengeschmack"},"content":{"rendered":"<p>Bolero ICED GREEN TEA WATERMELON 24x3g<br \/>\n\u0420\u0430\u0437\u043c\u0435\u0440\u044b \u0443\u043f\u0430\u043a\u043e\u0432\u043a\u0438: 13 x 9 x 6 \u0441\u043c; 120 \u0433\u0440\u0430\u043c\u043c. \u0415\u0434\u0438\u043d\u0438\u0446\u0430 \u0438\u0437\u043c\u0435\u0440\u0435\u043d\u0438\u044f: 72,0 \u0433\u0440\u0430\u043c\u043c\u0430. \u0411\u0440\u0435\u043d\u0434: Bolero. \u0424\u043e\u0440\u043c\u0430 \u0438\u0437\u0434\u0435\u043b\u0438\u044f: \u043f\u043e\u0440\u043e\u0448\u043e\u043a. \u041f\u0440\u043e\u0438\u0437\u0432\u043e\u0434\u0438\u0442\u0435\u043b\u044c: Bolero &#038; Co. \u0412\u0435\u0441 \u0438\u0437\u0434\u0435\u043b\u0438\u044f: 120 \u0433.<br \/>\n\u041f\u043e\u0438\u0441\u043a \u0438 \u0432\u044b\u043a\u0443\u043f \u0442\u043e\u0432\u0430\u0440\u043e\u0432 \u0432 \u0415\u0432\u0440\u043e\u043f\u0435<br \/>\n\u0422\u0430\u043c\u043e\u0436\u0435\u043d\u043d\u043e\u0435 \u043e\u0444\u043e\u0440\u043c\u043b\u0435\u043d\u0438\u0435 \u0438 \u0434\u0435\u043a\u043b\u0430\u0440\u0438\u0440\u043e\u0432\u0430\u043d\u0438\u0435. \u0414\u043e\u0441\u0442\u0430\u0432\u043a\u0430 \u0434\u043b\u044f \u0444\u0438\u0437\u0438\u0447\u0435\u0441\u043a\u0438\u0445 \u0438 \u044e\u0440\u0438\u0434\u0438\u0447\u0435\u0441\u043a\u0438\u0445 \u043b\u0438\u0446.<\/p>\n","protected":false},"excerpt":{"rendered":"<p>\u0411\u043e\u043b\u0435\u0440\u043e \u0417\u0415\u041b\u0415\u041d\u042b\u0419 \u0427\u0410\u0419 \u0410\u0420\u0411\u0423\u0417 \u0441\u043e \u043b\u044c\u0434\u043e\u043c 24&#215;3\u0433 | Saftpulver ohne Zucker, \u0441\u043e \u0441\u0442\u0435\u0432\u0438\u0435\u0439 + \u0432\u0438\u0442\u0430\u043c\u0438\u043d\u043e\u043c \u0421 | \u0434\u043b\u044f \u0434\u0435\u0442\u0435\u0439, \u0441\u043f\u043e\u0440\u0442\u0441\u043c\u0435\u043d\u043e\u0432 \u0438 \u0434\u0438\u0430\u0431\u0435\u0442\u0438\u043a\u043e\u0432 | \u0431\u0435\u0437 \u0433\u043b\u044e\u0442\u0435\u043d\u0430 \u0438 \u043f\u043e\u0434\u0445\u043e\u0434\u0438\u0442 \u0434\u043b\u044f \u0432\u0435\u0433\u0430\u043d\u043e\u0432 | \u0412\u0430\u0441\u0441\u0435\u0440\u043c\u0435\u043b\u043e\u043d\u0435\u043d\u0433\u0435\u0448\u043c\u0430\u043a<\/p>\n","protected":false},"featured_media":0,"comment_status":"closed","ping_status":"open","template":"","meta":[],"product_brand":[],"product_cat":[66],"product_tag":[],"class_list":{"0":"post-15176","1":"product","2":"type-product","3":"status-publish","5":"product_cat-travyanojj-chajj","7":"first","8":"instock","9":"purchasable","10":"product-type-simple"},"translation":{"provider":"WPGlobus","version":"3.0.2","language":"ar","enabled_languages":["ru","en","es","de","fr","zh","ar"],"languages":{"ru":{"title":true,"content":true,"excerpt":true},"en":{"title":false,"content":false,"excerpt":false},"es":{"title":false,"content":false,"excerpt":false},"de":{"title":false,"content":false,"excerpt":false},"fr":{"title":false,"content":false,"excerpt":false},"zh":{"title":false,"content":false,"excerpt":false},"ar":{"title":false,"content":false,"excerpt":false}}},"_links":{"self":[{"href":"https:\/\/dibase100000.ru\/ar\/wp-json\/wp\/v2\/product\/15176","targetHints":{"allow":["GET"]}}],"collection":[{"href":"https:\/\/dibase100000.ru\/ar\/wp-json\/wp\/v2\/product"}],"about":[{"href":"https:\/\/dibase100000.ru\/ar\/wp-json\/wp\/v2\/types\/product"}],"replies":[{"embeddable":true,"href":"https:\/\/dibase100000.ru\/ar\/wp-json\/wp\/v2\/comments?post=15176"}],"wp:attachment":[{"href":"https:\/\/dibase100000.ru\/ar\/wp-json\/wp\/v2\/media?parent=15176"}],"wp:term":[{"taxonomy":"product_brand","embeddable":true,"href":"https:\/\/dibase100000.ru\/ar\/wp-json\/wp\/v2\/product_brand?post=15176"},{"taxonomy":"product_cat","embeddable":true,"href":"https:\/\/dibase100000.ru\/ar\/wp-json\/wp\/v2\/product_cat?post=15176"},{"taxonomy":"product_tag","embeddable":true,"href":"https:\/\/dibase100000.ru\/ar\/wp-json\/wp\/v2\/product_tag?post=15176"}],"curies":[{"name":"wp","href":"https:\/\/api.w.org\/{rel}","templated":true}]}}