{"id":90301,"date":"2026-02-18T10:32:44","date_gmt":"2026-02-18T07:32:44","guid":{"rendered":"https:\/\/dibase100000.ru\/product\/yablochnyjj-uksus-erbamea-30-rastitelnykh-kapsul"},"modified":"2026-02-18T10:32:51","modified_gmt":"2026-02-18T07:32:51","slug":"yablochnyjj-uksus-erbamea-30-rastitelnykh-kapsul","status":"publish","type":"product","link":"https:\/\/dibase100000.ru\/es\/product\/yablochnyjj-uksus-erbamea-30-rastitelnykh-kapsul","title":{"rendered":"\u042f\u0431\u043b\u043e\u0447\u043d\u044b\u0439 \u0443\u043a\u0441\u0443\u0441 Erbamea, 30 \u0440\u0430\u0441\u0442\u0438\u0442\u0435\u043b\u044c\u043d\u044b\u0445 \u043a\u0430\u043f\u0441\u0443\u043b"},"content":{"rendered":"<p>Aceto Di Mele Erbamea Integratore Alimentare<br \/>\nAncora un regalo dalla natura.<br \/>\nFin dall\u2019antichit\u00e0 l\u2019uomo ha utilizzato una grande variet\u00e0 di frutti e cereali: mele, pere, datteri, uva, riso, orzo ecc., per ottenere succhi dolci e nutrienti. Presto per\u00f2 si \u00e8 accorto che queste bevande, se conservate in recipienti non ben chiusi, rapidamente diventano acide.<br \/>\nAd opera di \u201cbatteri amici\u201d infatti, il succo zuccherino si trasforma, per fermentazione naturale, prima in un liquido lievemente alcolico, e successivamente in aceto, generando aromi particolari.<br \/>\nContiene<br \/>\nPolvere di Aceto di Mele ottenuto per fermentazione naturale del sidro di Mele.<br \/>\nModo d\u2019uso<br \/>\nAssumere 2 capsule al giorno, 1 prima di pranzo e 1 prima di cena.<br \/>\nIngredienti caratterizzanti<br \/>\nValori medi per dose massima giornaliera consigliata pari a 2 capsule<br \/>\nAceto di Mele disidratato in polvere<br \/>\n900 g<br \/>\nFormato<br \/>\nConfezione con 30 capsule vegetali.<\/p>\n<p>\u041a\u043e\u0434 \u043f\u0440\u043e\u0438\u0437\u0432\u043e\u0434\u0438\u0442\u0435\u043b\u044f: 970266678<\/p>\n","protected":false},"excerpt":{"rendered":"<p>Aceto Di Mele Erbamea 30 Capsule Vegetali<\/p>\n","protected":false},"featured_media":90302,"comment_status":"closed","ping_status":"open","template":"","meta":[],"product_brand":[],"product_cat":[1114],"product_tag":[],"class_list":{"0":"post-90301","1":"product","2":"type-product","3":"status-publish","4":"has-post-thumbnail","6":"product_cat-produkty","8":"first","9":"instock","10":"purchasable","11":"product-type-simple"},"translation":{"provider":"WPGlobus","version":"3.0.2","language":"es","enabled_languages":["ru","en","es","de","fr","zh","ar"],"languages":{"ru":{"title":true,"content":true,"excerpt":true},"en":{"title":false,"content":false,"excerpt":false},"es":{"title":false,"content":false,"excerpt":false},"de":{"title":false,"content":false,"excerpt":false},"fr":{"title":false,"content":false,"excerpt":false},"zh":{"title":false,"content":false,"excerpt":false},"ar":{"title":false,"content":false,"excerpt":false}}},"_links":{"self":[{"href":"https:\/\/dibase100000.ru\/es\/wp-json\/wp\/v2\/product\/90301","targetHints":{"allow":["GET"]}}],"collection":[{"href":"https:\/\/dibase100000.ru\/es\/wp-json\/wp\/v2\/product"}],"about":[{"href":"https:\/\/dibase100000.ru\/es\/wp-json\/wp\/v2\/types\/product"}],"replies":[{"embeddable":true,"href":"https:\/\/dibase100000.ru\/es\/wp-json\/wp\/v2\/comments?post=90301"}],"wp:featuredmedia":[{"embeddable":true,"href":"https:\/\/dibase100000.ru\/es\/wp-json\/wp\/v2\/media\/90302"}],"wp:attachment":[{"href":"https:\/\/dibase100000.ru\/es\/wp-json\/wp\/v2\/media?parent=90301"}],"wp:term":[{"taxonomy":"product_brand","embeddable":true,"href":"https:\/\/dibase100000.ru\/es\/wp-json\/wp\/v2\/product_brand?post=90301"},{"taxonomy":"product_cat","embeddable":true,"href":"https:\/\/dibase100000.ru\/es\/wp-json\/wp\/v2\/product_cat?post=90301"},{"taxonomy":"product_tag","embeddable":true,"href":"https:\/\/dibase100000.ru\/es\/wp-json\/wp\/v2\/product_tag?post=90301"}],"curies":[{"name":"wp","href":"https:\/\/api.w.org\/{rel}","templated":true}]}}